{"id":764,"date":"2022-05-11T11:13:36","date_gmt":"2022-05-11T11:13:36","guid":{"rendered":"https:\/\/viserto.de\/request-demo\/"},"modified":"2025-06-06T06:45:08","modified_gmt":"2025-06-06T06:45:08","slug":"request-demo","status":"publish","type":"page","link":"https:\/\/viserto.de\/en\/request-demo\/","title":{"rendered":"Request Demo"},"content":{"rendered":"<div id='av_section_1'  class='avia-section av-n6l28-f65f7a96317f8f5e060c149a7ebc7d94 main_color avia-section-default avia-no-border-styling  avia-builder-el-0  avia-builder-el-no-sibling  avia-bg-style-scroll container_wrap fullsize'  ><div class='container av-section-cont-open' ><main  role=\"main\" itemprop=\"mainContentOfPage\"  class='template-page content  av-content-full alpha units'><div class='post-entry post-entry-type-page post-entry-764'><div class='entry-content-wrapper clearfix'>\n<div class='flex_column_table av-l31hdfcb-fbe5be05d76df62fba4f93a70e462198 sc-av_one_half av-equal-height-column-flextable'><div class='flex_column av-l31hdfcb-fbe5be05d76df62fba4f93a70e462198 av_one_half  avia-builder-el-1  el_before_av_one_half  avia-builder-el-first  first flex_column_table_cell av-equal-height-column av-align-middle '   ><section  class='av_textblock_section av-l31hf54q-1dafdb7642b4be5a4c30a65b67820965'  itemscope=\"itemscope\" itemtype=\"https:\/\/schema.org\/CreativeWork\" ><div class='avia_textblock'  itemprop=\"text\" ><h1>How does it work?<\/h1>\n<p>Simply fill out the form. Our team will contact you and arrange a suitable appointment.<\/p>\n<\/div><\/section><\/div><div class='av-flex-placeholder'><\/div>\n<style type=\"text\/css\" data-created_by=\"avia_inline_auto\" id=\"style-css-av-l31hfyya-ccc6487b4bc039608920f39b6ce5fad9\">\n.flex_column.av-l31hfyya-ccc6487b4bc039608920f39b6ce5fad9{\nborder-radius:10px 10px 10px 10px;\n-webkit-border-radius:10px 10px 10px 10px;\n-moz-border-radius:10px 10px 10px 10px;\npadding:5% 5% 5% 5%;\nbackground-color:#242d32;\n}\n<\/style>\n<div class='flex_column av-l31hfyya-ccc6487b4bc039608920f39b6ce5fad9 av_one_half  avia-builder-el-3  el_after_av_one_half  avia-builder-el-last  flex_column_table_cell av-equal-height-column av-align-middle '   ><form action=\"https:\/\/viserto.de\/en\/request-demo\/\" method=\"post\"  class=\"avia_ajax_form av-form-labels-visible   avia-builder-el-4  avia-builder-el-no-sibling  av-custom-form-color av-light-form \" data-avia-form-id=\"1\" data-avia-redirect='' ><fieldset><p class='  first_form  form_element form_fullwidth' id='element_avia_1_1'><label for=\"avia_1_1\">Name <abbr class=\"required\" title=\"required\">*<\/abbr><\/label> <input name=\"avia_1_1\" class=\"text_input is_empty\" type=\"text\" id=\"avia_1_1\" value=\"\" \/><\/p><p class='  first_form  form_element form_fullwidth' id='element_avia_2_1'><label for=\"avia_2_1\">Email <abbr class=\"required\" title=\"required\">*<\/abbr><\/label> <input name=\"avia_2_1\" class=\"text_input is_email\" type=\"text\" id=\"avia_2_1\" value=\"\" \/><\/p><p class='  first_form  form_element form_fullwidth' id='element_avia_3_1'><label for=\"avia_3_1\">Phone Number<\/label> <input name=\"avia_3_1\" class=\"text_input \" type=\"text\" id=\"avia_3_1\" value=\"\" \/><\/p><p class=\"hidden\"><input type=\"text\" name=\"avia_4_1\" class=\"hidden \" id=\"avia_4_1\" value=\"\" \/><\/p><p class=' av_form_privacy_check av_contact_privacy_check first_form  form_element form_fullwidth' id='element_avia_5_1'><input  name=\"avia_5_1\" class=\"input_checkbox is_empty\" type=\"checkbox\" id=\"avia_5_1\" value=\"true\"\/><label class=\"input_checkbox_label\" for=\"avia_5_1\">I agree to the terms outlined in the <a href='https:\/\/viserto.de\/datenschutz\/' target='_blank' rel=\"noopener\">privacy policy<\/a>  <abbr class=\"required\" title=\"required\">*<\/abbr><\/label><\/p><p class=\"form_element \"><input type=\"hidden\" value=\"1\" name=\"avia_generated_form1\" \/><input type=\"submit\" value=\"Schedule a live demo appointment\" class=\"button\"  data-sending-label=\"Sending\"\/><\/p><\/fieldset><\/form><div id=\"ajaxresponse_1\" class=\"ajaxresponse ajaxresponse_1 hidden\"><\/div><\/div><\/div><!--close column table wrapper. Autoclose: 1 -->\n","protected":false},"excerpt":{"rendered":"","protected":false},"author":1,"featured_media":0,"parent":0,"menu_order":0,"comment_status":"closed","ping_status":"closed","template":"","meta":{"inline_featured_image":false,"footnotes":""},"class_list":["post-764","page","type-page","status-publish","hentry"],"yoast_head":"<!-- This site is optimized with the Yoast SEO plugin v25.2 - https:\/\/yoast.com\/wordpress\/plugins\/seo\/ -->\n<title>Request Demo | VISERTO \u2013 Das Video Service Tool<\/title>\n<meta name=\"description\" content=\"Request a free and non-binding appointment for a live demo now. Our video service for your car dealership.\" \/>\n<meta name=\"robots\" content=\"index, follow, max-snippet:-1, max-image-preview:large, max-video-preview:-1\" \/>\n<link rel=\"canonical\" href=\"https:\/\/viserto.de\/en\/request-demo\/\" \/>\n<meta property=\"og:locale\" content=\"en_US\" \/>\n<meta property=\"og:type\" content=\"article\" \/>\n<meta property=\"og:title\" content=\"Request Demo | VISERTO \u2013 Das Video Service Tool\" \/>\n<meta property=\"og:description\" content=\"Request a free and non-binding appointment for a live demo now. Our video service for your car dealership.\" \/>\n<meta property=\"og:url\" content=\"https:\/\/viserto.de\/en\/request-demo\/\" \/>\n<meta property=\"og:site_name\" content=\"VISERTO \u2013 Das Video Service Tool\" \/>\n<meta property=\"article:publisher\" content=\"https:\/\/www.facebook.com\/viserto.de\/\" \/>\n<meta property=\"article:modified_time\" content=\"2025-06-06T06:45:08+00:00\" \/>\n<meta name=\"twitter:card\" content=\"summary_large_image\" \/>\n<meta name=\"twitter:label1\" content=\"Est. reading time\" \/>\n\t<meta name=\"twitter:data1\" content=\"5 minutes\" \/>\n<script type=\"application\/ld+json\" class=\"yoast-schema-graph\">{\"@context\":\"https:\/\/schema.org\",\"@graph\":[{\"@type\":\"WebPage\",\"@id\":\"https:\/\/viserto.de\/en\/request-demo\/\",\"url\":\"https:\/\/viserto.de\/en\/request-demo\/\",\"name\":\"Request Demo | VISERTO \u2013 Das Video Service Tool\",\"isPartOf\":{\"@id\":\"https:\/\/viserto.de\/en\/#website\"},\"datePublished\":\"2022-05-11T11:13:36+00:00\",\"dateModified\":\"2025-06-06T06:45:08+00:00\",\"description\":\"Request a free and non-binding appointment for a live demo now. Our video service for your car dealership.\",\"breadcrumb\":{\"@id\":\"https:\/\/viserto.de\/en\/request-demo\/#breadcrumb\"},\"inLanguage\":\"en-US\",\"potentialAction\":[{\"@type\":\"ReadAction\",\"target\":[\"https:\/\/viserto.de\/en\/request-demo\/\"]}]},{\"@type\":\"BreadcrumbList\",\"@id\":\"https:\/\/viserto.de\/en\/request-demo\/#breadcrumb\",\"itemListElement\":[{\"@type\":\"ListItem\",\"position\":1,\"name\":\"Startseite\",\"item\":\"https:\/\/viserto.de\/en\/\"},{\"@type\":\"ListItem\",\"position\":2,\"name\":\"Request Demo\"}]},{\"@type\":\"WebSite\",\"@id\":\"https:\/\/viserto.de\/en\/#website\",\"url\":\"https:\/\/viserto.de\/en\/\",\"name\":\"VISERTO \u2013 Das Video Service Tool\",\"description\":\"Durch videounterst\u00fctzte Verkaufs- und Service-Tools Kundenvertrauen ausbauen, Wirtschaftlichkeit erh\u00f6hen und interne Abl\u00e4ufe optimieren.\",\"publisher\":{\"@id\":\"https:\/\/viserto.de\/en\/#organization\"},\"potentialAction\":[{\"@type\":\"SearchAction\",\"target\":{\"@type\":\"EntryPoint\",\"urlTemplate\":\"https:\/\/viserto.de\/en\/?s={search_term_string}\"},\"query-input\":{\"@type\":\"PropertyValueSpecification\",\"valueRequired\":true,\"valueName\":\"search_term_string\"}}],\"inLanguage\":\"en-US\"},{\"@type\":\"Organization\",\"@id\":\"https:\/\/viserto.de\/en\/#organization\",\"name\":\"VISERTO\",\"url\":\"https:\/\/viserto.de\/en\/\",\"logo\":{\"@type\":\"ImageObject\",\"inLanguage\":\"en-US\",\"@id\":\"https:\/\/viserto.de\/en\/#\/schema\/logo\/image\/\",\"url\":\"https:\/\/viserto.de\/wp-content\/uploads\/viserto_logo_286x156px.png\",\"contentUrl\":\"https:\/\/viserto.de\/wp-content\/uploads\/viserto_logo_286x156px.png\",\"width\":286,\"height\":156,\"caption\":\"VISERTO\"},\"image\":{\"@id\":\"https:\/\/viserto.de\/en\/#\/schema\/logo\/image\/\"},\"sameAs\":[\"https:\/\/www.facebook.com\/viserto.de\/\",\"https:\/\/www.linkedin.com\/company\/viserto\/\"]}]}<\/script>\n<!-- \/ Yoast SEO plugin. -->","yoast_head_json":{"title":"Request Demo | VISERTO \u2013 Das Video Service Tool","description":"Request a free and non-binding appointment for a live demo now. Our video service for your car dealership.","robots":{"index":"index","follow":"follow","max-snippet":"max-snippet:-1","max-image-preview":"max-image-preview:large","max-video-preview":"max-video-preview:-1"},"canonical":"https:\/\/viserto.de\/en\/request-demo\/","og_locale":"en_US","og_type":"article","og_title":"Request Demo | VISERTO \u2013 Das Video Service Tool","og_description":"Request a free and non-binding appointment for a live demo now. Our video service for your car dealership.","og_url":"https:\/\/viserto.de\/en\/request-demo\/","og_site_name":"VISERTO \u2013 Das Video Service Tool","article_publisher":"https:\/\/www.facebook.com\/viserto.de\/","article_modified_time":"2025-06-06T06:45:08+00:00","twitter_card":"summary_large_image","twitter_misc":{"Est. reading time":"5 minutes"},"schema":{"@context":"https:\/\/schema.org","@graph":[{"@type":"WebPage","@id":"https:\/\/viserto.de\/en\/request-demo\/","url":"https:\/\/viserto.de\/en\/request-demo\/","name":"Request Demo | VISERTO \u2013 Das Video Service Tool","isPartOf":{"@id":"https:\/\/viserto.de\/en\/#website"},"datePublished":"2022-05-11T11:13:36+00:00","dateModified":"2025-06-06T06:45:08+00:00","description":"Request a free and non-binding appointment for a live demo now. Our video service for your car dealership.","breadcrumb":{"@id":"https:\/\/viserto.de\/en\/request-demo\/#breadcrumb"},"inLanguage":"en-US","potentialAction":[{"@type":"ReadAction","target":["https:\/\/viserto.de\/en\/request-demo\/"]}]},{"@type":"BreadcrumbList","@id":"https:\/\/viserto.de\/en\/request-demo\/#breadcrumb","itemListElement":[{"@type":"ListItem","position":1,"name":"Startseite","item":"https:\/\/viserto.de\/en\/"},{"@type":"ListItem","position":2,"name":"Request Demo"}]},{"@type":"WebSite","@id":"https:\/\/viserto.de\/en\/#website","url":"https:\/\/viserto.de\/en\/","name":"VISERTO \u2013 Das Video Service Tool","description":"Durch videounterst\u00fctzte Verkaufs- und Service-Tools Kundenvertrauen ausbauen, Wirtschaftlichkeit erh\u00f6hen und interne Abl\u00e4ufe optimieren.","publisher":{"@id":"https:\/\/viserto.de\/en\/#organization"},"potentialAction":[{"@type":"SearchAction","target":{"@type":"EntryPoint","urlTemplate":"https:\/\/viserto.de\/en\/?s={search_term_string}"},"query-input":{"@type":"PropertyValueSpecification","valueRequired":true,"valueName":"search_term_string"}}],"inLanguage":"en-US"},{"@type":"Organization","@id":"https:\/\/viserto.de\/en\/#organization","name":"VISERTO","url":"https:\/\/viserto.de\/en\/","logo":{"@type":"ImageObject","inLanguage":"en-US","@id":"https:\/\/viserto.de\/en\/#\/schema\/logo\/image\/","url":"https:\/\/viserto.de\/wp-content\/uploads\/viserto_logo_286x156px.png","contentUrl":"https:\/\/viserto.de\/wp-content\/uploads\/viserto_logo_286x156px.png","width":286,"height":156,"caption":"VISERTO"},"image":{"@id":"https:\/\/viserto.de\/en\/#\/schema\/logo\/image\/"},"sameAs":["https:\/\/www.facebook.com\/viserto.de\/","https:\/\/www.linkedin.com\/company\/viserto\/"]}]}},"_links":{"self":[{"href":"https:\/\/viserto.de\/en\/wp-json\/wp\/v2\/pages\/764","targetHints":{"allow":["GET"]}}],"collection":[{"href":"https:\/\/viserto.de\/en\/wp-json\/wp\/v2\/pages"}],"about":[{"href":"https:\/\/viserto.de\/en\/wp-json\/wp\/v2\/types\/page"}],"author":[{"embeddable":true,"href":"https:\/\/viserto.de\/en\/wp-json\/wp\/v2\/users\/1"}],"replies":[{"embeddable":true,"href":"https:\/\/viserto.de\/en\/wp-json\/wp\/v2\/comments?post=764"}],"version-history":[{"count":5,"href":"https:\/\/viserto.de\/en\/wp-json\/wp\/v2\/pages\/764\/revisions"}],"predecessor-version":[{"id":856,"href":"https:\/\/viserto.de\/en\/wp-json\/wp\/v2\/pages\/764\/revisions\/856"}],"wp:attachment":[{"href":"https:\/\/viserto.de\/en\/wp-json\/wp\/v2\/media?parent=764"}],"curies":[{"name":"wp","href":"https:\/\/api.w.org\/{rel}","templated":true}]}}