{"id":785,"date":"2022-05-11T10:49:16","date_gmt":"2022-05-11T10:49:16","guid":{"rendered":"https:\/\/viserto.de\/about-us\/"},"modified":"2025-06-06T08:07:34","modified_gmt":"2025-06-06T08:07:34","slug":"about-us","status":"publish","type":"page","link":"https:\/\/viserto.de\/en\/about-us\/","title":{"rendered":"About us"},"content":{"rendered":"<div id='av_section_1'  class='avia-section av-41kdk-88de3cf9d24bcf207bf542d9cf9134e3 main_color avia-section-huge avia-no-border-styling  avia-builder-el-0  avia-builder-el-no-sibling  avia-bg-style-scroll container_wrap fullsize'  ><div class='container av-section-cont-open' ><main  role=\"main\" itemprop=\"mainContentOfPage\"  class='template-page content  av-content-full alpha units'><div class='post-entry post-entry-type-page post-entry-785'><div class='entry-content-wrapper clearfix'>\n<div class='flex_column av-dtmk7-3e6f6f38c163731dd0e1d8fb7facca39 av_one_full  avia-builder-el-1  avia-builder-el-no-sibling  first no_margin flex_column_div '   ><section  class='av_textblock_section av-l305n0sd-996bead77b9cbbe929ac598cdb1463cf'  itemscope=\"itemscope\" itemtype=\"https:\/\/schema.org\/CreativeWork\" ><div class='avia_textblock'  itemprop=\"text\" ><h5 style=\"text-align: left;\">Our idea<\/h5>\n<h2 style=\"text-align: left;\">Creating added value &#8211; with efficiency and transparency.<\/h2>\n<\/div><\/section><br \/>\n\n<style type=\"text\/css\" data-created_by=\"avia_inline_auto\" id=\"style-css-av-l31gl0a1-aa2e6fc7f5628aef08179eb2d9de5749\">\n#top .av_textblock_section.av-l31gl0a1-aa2e6fc7f5628aef08179eb2d9de5749 .avia_textblock{\ncolumn-count:2;\n-webkit-column-count:2;\n-moz-column-count:2;\ncolumn-gap:5%;\n-webkit-column-gap:5%;\n-moz-column-gap:5%;\n}\n\n@media only screen and (max-width: 767px){ \n#top .av_textblock_section.av-l31gl0a1-aa2e6fc7f5628aef08179eb2d9de5749 .avia_textblock{\ncolumn-count:1;\n}\n.av_textblock_section.av-l31gl0a1-aa2e6fc7f5628aef08179eb2d9de5749 .avia_textblock.av_multi_colums > p:first-child{\nmargin-top:0.85em;\n}\n}\n<\/style>\n<section  class='av_textblock_section av-l31gl0a1-aa2e6fc7f5628aef08179eb2d9de5749'  itemscope=\"itemscope\" itemtype=\"https:\/\/schema.org\/CreativeWork\" ><div class='avia_textblock av_multi_colums'  itemprop=\"text\" ><h6>VISERTO aims to create real added value with its products by making communication processes efficient and transparent. This is based on specialist knowledge, meticulous work, reliability, communication at eye level &#8211; and loyalty to our customers and partners. <\/h6>\n<h6>Digitalization can make many things easier in the sales and aftersales sector &#8211; if you use it to your advantage. This not only benefits end customers, but also all companies that position themselves digitally. We are building our future-oriented concept on this basis.  <\/h6>\n<h6>As a team with over 40 years of combined practical experience in sales and aftersales, we are very familiar with the challenges posed by the complex relationship between manufacturers, dealers and customers.<\/h6>\n<h6>Digitalization and the intelligent use of modern communication tools open up great opportunities that benefit everyone. VISERTO&#8217;s products make it possible to optimize existing workflows and communication channels. <\/h6>\n<h6>Our system enables our customers to become more transparent and efficient and to pass this added value on to their own customers.<\/h6>\n<\/div><\/section><\/p><\/div>\n","protected":false},"excerpt":{"rendered":"","protected":false},"author":1,"featured_media":0,"parent":0,"menu_order":0,"comment_status":"closed","ping_status":"closed","template":"","meta":{"inline_featured_image":false,"footnotes":""},"class_list":["post-785","page","type-page","status-publish","hentry"],"yoast_head":"<!-- This site is optimized with the Yoast SEO plugin v25.2 - https:\/\/yoast.com\/wordpress\/plugins\/seo\/ -->\n<title>About us | VISERTO \u2013 Das Video Service Tool<\/title>\n<meta name=\"robots\" content=\"index, follow, max-snippet:-1, max-image-preview:large, max-video-preview:-1\" \/>\n<link rel=\"canonical\" href=\"https:\/\/viserto.de\/en\/about-us\/\" \/>\n<meta property=\"og:locale\" content=\"en_US\" \/>\n<meta property=\"og:type\" content=\"article\" \/>\n<meta property=\"og:title\" content=\"About us | VISERTO \u2013 Das Video Service Tool\" \/>\n<meta property=\"og:url\" content=\"https:\/\/viserto.de\/en\/about-us\/\" \/>\n<meta property=\"og:site_name\" content=\"VISERTO \u2013 Das Video Service Tool\" \/>\n<meta property=\"article:publisher\" content=\"https:\/\/www.facebook.com\/viserto.de\/\" \/>\n<meta property=\"article:modified_time\" content=\"2025-06-06T08:07:34+00:00\" \/>\n<meta name=\"twitter:card\" content=\"summary_large_image\" \/>\n<meta name=\"twitter:label1\" content=\"Est. reading time\" \/>\n\t<meta name=\"twitter:data1\" content=\"4 minutes\" \/>\n<script type=\"application\/ld+json\" class=\"yoast-schema-graph\">{\"@context\":\"https:\/\/schema.org\",\"@graph\":[{\"@type\":\"WebPage\",\"@id\":\"https:\/\/viserto.de\/en\/about-us\/\",\"url\":\"https:\/\/viserto.de\/en\/about-us\/\",\"name\":\"About us | VISERTO \u2013 Das Video Service Tool\",\"isPartOf\":{\"@id\":\"https:\/\/viserto.de\/en\/#website\"},\"datePublished\":\"2022-05-11T10:49:16+00:00\",\"dateModified\":\"2025-06-06T08:07:34+00:00\",\"breadcrumb\":{\"@id\":\"https:\/\/viserto.de\/en\/about-us\/#breadcrumb\"},\"inLanguage\":\"en-US\",\"potentialAction\":[{\"@type\":\"ReadAction\",\"target\":[\"https:\/\/viserto.de\/en\/about-us\/\"]}]},{\"@type\":\"BreadcrumbList\",\"@id\":\"https:\/\/viserto.de\/en\/about-us\/#breadcrumb\",\"itemListElement\":[{\"@type\":\"ListItem\",\"position\":1,\"name\":\"Startseite\",\"item\":\"https:\/\/viserto.de\/en\/\"},{\"@type\":\"ListItem\",\"position\":2,\"name\":\"About us\"}]},{\"@type\":\"WebSite\",\"@id\":\"https:\/\/viserto.de\/en\/#website\",\"url\":\"https:\/\/viserto.de\/en\/\",\"name\":\"VISERTO \u2013 Das Video Service Tool\",\"description\":\"Durch videounterst\u00fctzte Verkaufs- und Service-Tools Kundenvertrauen ausbauen, Wirtschaftlichkeit erh\u00f6hen und interne Abl\u00e4ufe optimieren.\",\"publisher\":{\"@id\":\"https:\/\/viserto.de\/en\/#organization\"},\"potentialAction\":[{\"@type\":\"SearchAction\",\"target\":{\"@type\":\"EntryPoint\",\"urlTemplate\":\"https:\/\/viserto.de\/en\/?s={search_term_string}\"},\"query-input\":{\"@type\":\"PropertyValueSpecification\",\"valueRequired\":true,\"valueName\":\"search_term_string\"}}],\"inLanguage\":\"en-US\"},{\"@type\":\"Organization\",\"@id\":\"https:\/\/viserto.de\/en\/#organization\",\"name\":\"VISERTO\",\"url\":\"https:\/\/viserto.de\/en\/\",\"logo\":{\"@type\":\"ImageObject\",\"inLanguage\":\"en-US\",\"@id\":\"https:\/\/viserto.de\/en\/#\/schema\/logo\/image\/\",\"url\":\"https:\/\/viserto.de\/wp-content\/uploads\/viserto_logo_286x156px.png\",\"contentUrl\":\"https:\/\/viserto.de\/wp-content\/uploads\/viserto_logo_286x156px.png\",\"width\":286,\"height\":156,\"caption\":\"VISERTO\"},\"image\":{\"@id\":\"https:\/\/viserto.de\/en\/#\/schema\/logo\/image\/\"},\"sameAs\":[\"https:\/\/www.facebook.com\/viserto.de\/\",\"https:\/\/www.linkedin.com\/company\/viserto\/\"]}]}<\/script>\n<!-- \/ Yoast SEO plugin. -->","yoast_head_json":{"title":"About us | VISERTO \u2013 Das Video Service Tool","robots":{"index":"index","follow":"follow","max-snippet":"max-snippet:-1","max-image-preview":"max-image-preview:large","max-video-preview":"max-video-preview:-1"},"canonical":"https:\/\/viserto.de\/en\/about-us\/","og_locale":"en_US","og_type":"article","og_title":"About us | VISERTO \u2013 Das Video Service Tool","og_url":"https:\/\/viserto.de\/en\/about-us\/","og_site_name":"VISERTO \u2013 Das Video Service Tool","article_publisher":"https:\/\/www.facebook.com\/viserto.de\/","article_modified_time":"2025-06-06T08:07:34+00:00","twitter_card":"summary_large_image","twitter_misc":{"Est. reading time":"4 minutes"},"schema":{"@context":"https:\/\/schema.org","@graph":[{"@type":"WebPage","@id":"https:\/\/viserto.de\/en\/about-us\/","url":"https:\/\/viserto.de\/en\/about-us\/","name":"About us | VISERTO \u2013 Das Video Service Tool","isPartOf":{"@id":"https:\/\/viserto.de\/en\/#website"},"datePublished":"2022-05-11T10:49:16+00:00","dateModified":"2025-06-06T08:07:34+00:00","breadcrumb":{"@id":"https:\/\/viserto.de\/en\/about-us\/#breadcrumb"},"inLanguage":"en-US","potentialAction":[{"@type":"ReadAction","target":["https:\/\/viserto.de\/en\/about-us\/"]}]},{"@type":"BreadcrumbList","@id":"https:\/\/viserto.de\/en\/about-us\/#breadcrumb","itemListElement":[{"@type":"ListItem","position":1,"name":"Startseite","item":"https:\/\/viserto.de\/en\/"},{"@type":"ListItem","position":2,"name":"About us"}]},{"@type":"WebSite","@id":"https:\/\/viserto.de\/en\/#website","url":"https:\/\/viserto.de\/en\/","name":"VISERTO \u2013 Das Video Service Tool","description":"Durch videounterst\u00fctzte Verkaufs- und Service-Tools Kundenvertrauen ausbauen, Wirtschaftlichkeit erh\u00f6hen und interne Abl\u00e4ufe optimieren.","publisher":{"@id":"https:\/\/viserto.de\/en\/#organization"},"potentialAction":[{"@type":"SearchAction","target":{"@type":"EntryPoint","urlTemplate":"https:\/\/viserto.de\/en\/?s={search_term_string}"},"query-input":{"@type":"PropertyValueSpecification","valueRequired":true,"valueName":"search_term_string"}}],"inLanguage":"en-US"},{"@type":"Organization","@id":"https:\/\/viserto.de\/en\/#organization","name":"VISERTO","url":"https:\/\/viserto.de\/en\/","logo":{"@type":"ImageObject","inLanguage":"en-US","@id":"https:\/\/viserto.de\/en\/#\/schema\/logo\/image\/","url":"https:\/\/viserto.de\/wp-content\/uploads\/viserto_logo_286x156px.png","contentUrl":"https:\/\/viserto.de\/wp-content\/uploads\/viserto_logo_286x156px.png","width":286,"height":156,"caption":"VISERTO"},"image":{"@id":"https:\/\/viserto.de\/en\/#\/schema\/logo\/image\/"},"sameAs":["https:\/\/www.facebook.com\/viserto.de\/","https:\/\/www.linkedin.com\/company\/viserto\/"]}]}},"_links":{"self":[{"href":"https:\/\/viserto.de\/en\/wp-json\/wp\/v2\/pages\/785","targetHints":{"allow":["GET"]}}],"collection":[{"href":"https:\/\/viserto.de\/en\/wp-json\/wp\/v2\/pages"}],"about":[{"href":"https:\/\/viserto.de\/en\/wp-json\/wp\/v2\/types\/page"}],"author":[{"embeddable":true,"href":"https:\/\/viserto.de\/en\/wp-json\/wp\/v2\/users\/1"}],"replies":[{"embeddable":true,"href":"https:\/\/viserto.de\/en\/wp-json\/wp\/v2\/comments?post=785"}],"version-history":[{"count":5,"href":"https:\/\/viserto.de\/en\/wp-json\/wp\/v2\/pages\/785\/revisions"}],"predecessor-version":[{"id":877,"href":"https:\/\/viserto.de\/en\/wp-json\/wp\/v2\/pages\/785\/revisions\/877"}],"wp:attachment":[{"href":"https:\/\/viserto.de\/en\/wp-json\/wp\/v2\/media?parent=785"}],"curies":[{"name":"wp","href":"https:\/\/api.w.org\/{rel}","templated":true}]}}