{"id":790,"date":"2020-04-06T10:43:05","date_gmt":"2020-04-06T10:43:05","guid":{"rendered":"https:\/\/viserto.de\/legal-notice\/"},"modified":"2026-03-18T13:24:30","modified_gmt":"2026-03-18T13:24:30","slug":"legal-notice","status":"publish","type":"page","link":"https:\/\/viserto.de\/en\/legal-notice\/","title":{"rendered":"Legal notice"},"content":{"rendered":"\n<style type=\"text\/css\" data-created_by=\"avia_inline_auto\" id=\"style-css-av-1jggu-4f4a1ee43b34937e43cd5837daee7b09\">\n.flex_column.av-1jggu-4f4a1ee43b34937e43cd5837daee7b09{\nborder-radius:0px 0px 0px 0px;\n-webkit-border-radius:0px 0px 0px 0px;\n-moz-border-radius:0px 0px 0px 0px;\n}\n<\/style>\n<div class='flex_column av-1jggu-4f4a1ee43b34937e43cd5837daee7b09 av_two_third  avia-builder-el-0  el_before_av_one_third  avia-builder-el-first  first flex_column_div av-zero-column-padding '   ><section  class='av_textblock_section av-k8ohm4jr-8dd2ce4d0c06f0e78391d37408ce03b9'  itemscope=\"itemscope\" itemtype=\"https:\/\/schema.org\/CreativeWork\" ><div class='avia_textblock'  itemprop=\"text\" ><h1>Legal notice<\/h1>\n<h3>Provider in accordance with \u00a7 5 TMG<\/h3>\n<p>Viserto I Kettenbach &amp; Russo GbR<br \/>\n<span data-olk-copy-source=\"MessageBody\">Bahnhofsplatz 1 | Building C17. 2nd Floor<\/span><br \/>\n65428 R\u00fcsselsheim<\/p>\n<h3><strong>Contact<br \/>\n<\/strong><\/h3>\n<p>Phone: +49 (0) 6142 3306038<br \/>\nE-mail: info@viserto.de<br \/>\nwww.viserto.de<\/p>\n<h3><strong>Represented by<br \/>\n<\/strong><\/h3>\n<p>Ralf Kettenbach [CEO\/Partner]<\/p>\n<h3><strong>Other partners:<br \/>\n<\/strong><\/h3>\n<p>Daniel Russo [Deputy CEO\/Partner]<\/p>\n<h3><strong>VAT identification number according to \u00a7 27a UStG<br \/>\n<\/strong><\/h3>\n<p>021 334 60179<\/p>\n<h3><strong>Consumer dispute resolution<br \/>\n<\/strong><\/h3>\n<p>We are not obligated to participate in a dispute resolution procedure before a consumer arbitration board and do not voluntarily offer this.<\/p>\n<h3><strong>Online dispute resolution<br \/>\n<\/strong><\/h3>\n<p>The European Commission provides a platform for online dispute resolution (OS platform), which can be accessed at <a href=\"http:\/\/www.ec.europa.eu\/consumers\/odr\">www.ec.europa.eu\/consumers\/odr<\/a>. Our e-mail address can be found in our legal notice. We are neither obligated nor willing to participate in the dispute resolution procedure.<\/p>\n<\/div><\/section><\/div>\n<style type=\"text\/css\" data-created_by=\"avia_inline_auto\" id=\"style-css-av-o98q-5c052ec5fda8759be3c2f9139d47f39c\">\n.flex_column.av-o98q-5c052ec5fda8759be3c2f9139d47f39c{\nborder-radius:0px 0px 0px 0px;\n-webkit-border-radius:0px 0px 0px 0px;\n-moz-border-radius:0px 0px 0px 0px;\n}\n<\/style>\n<div class='flex_column av-o98q-5c052ec5fda8759be3c2f9139d47f39c av_one_third  avia-builder-el-2  el_after_av_two_third  avia-builder-el-last  flex_column_div av-zero-column-padding '   ><\/div><\/p>\n","protected":false},"excerpt":{"rendered":"","protected":false},"author":1,"featured_media":0,"parent":0,"menu_order":0,"comment_status":"closed","ping_status":"closed","template":"","meta":{"inline_featured_image":false,"footnotes":""},"class_list":["post-790","page","type-page","status-publish","hentry"],"yoast_head":"<!-- This site is optimized with the Yoast SEO plugin v25.2 - https:\/\/yoast.com\/wordpress\/plugins\/seo\/ -->\n<title>Legal notice | VISERTO \u2013 Das Video Service Tool<\/title>\n<meta name=\"robots\" content=\"noindex, nofollow\" \/>\n<meta property=\"og:locale\" content=\"en_US\" \/>\n<meta property=\"og:type\" content=\"article\" \/>\n<meta property=\"og:title\" content=\"Legal notice | VISERTO \u2013 Das Video Service Tool\" \/>\n<meta property=\"og:url\" content=\"https:\/\/viserto.de\/en\/legal-notice\/\" \/>\n<meta property=\"og:site_name\" content=\"VISERTO \u2013 Das Video Service Tool\" \/>\n<meta property=\"article:publisher\" content=\"https:\/\/www.facebook.com\/viserto.de\/\" \/>\n<meta property=\"article:modified_time\" content=\"2026-03-18T13:24:30+00:00\" \/>\n<meta name=\"twitter:card\" content=\"summary_large_image\" \/>\n<meta name=\"twitter:label1\" content=\"Est. reading time\" \/>\n\t<meta name=\"twitter:data1\" content=\"2 minutes\" \/>\n<script type=\"application\/ld+json\" class=\"yoast-schema-graph\">{\"@context\":\"https:\/\/schema.org\",\"@graph\":[{\"@type\":\"WebPage\",\"@id\":\"https:\/\/viserto.de\/en\/legal-notice\/\",\"url\":\"https:\/\/viserto.de\/en\/legal-notice\/\",\"name\":\"Legal notice | VISERTO \u2013 Das Video Service Tool\",\"isPartOf\":{\"@id\":\"https:\/\/viserto.de\/en\/#website\"},\"datePublished\":\"2020-04-06T10:43:05+00:00\",\"dateModified\":\"2026-03-18T13:24:30+00:00\",\"breadcrumb\":{\"@id\":\"https:\/\/viserto.de\/en\/legal-notice\/#breadcrumb\"},\"inLanguage\":\"en-US\",\"potentialAction\":[{\"@type\":\"ReadAction\",\"target\":[\"https:\/\/viserto.de\/en\/legal-notice\/\"]}]},{\"@type\":\"BreadcrumbList\",\"@id\":\"https:\/\/viserto.de\/en\/legal-notice\/#breadcrumb\",\"itemListElement\":[{\"@type\":\"ListItem\",\"position\":1,\"name\":\"Startseite\",\"item\":\"https:\/\/viserto.de\/en\/\"},{\"@type\":\"ListItem\",\"position\":2,\"name\":\"Legal notice\"}]},{\"@type\":\"WebSite\",\"@id\":\"https:\/\/viserto.de\/en\/#website\",\"url\":\"https:\/\/viserto.de\/en\/\",\"name\":\"VISERTO \u2013 Das Video Service Tool\",\"description\":\"Durch videounterst\u00fctzte Verkaufs- und Service-Tools Kundenvertrauen ausbauen, Wirtschaftlichkeit erh\u00f6hen und interne Abl\u00e4ufe optimieren.\",\"publisher\":{\"@id\":\"https:\/\/viserto.de\/en\/#organization\"},\"potentialAction\":[{\"@type\":\"SearchAction\",\"target\":{\"@type\":\"EntryPoint\",\"urlTemplate\":\"https:\/\/viserto.de\/en\/?s={search_term_string}\"},\"query-input\":{\"@type\":\"PropertyValueSpecification\",\"valueRequired\":true,\"valueName\":\"search_term_string\"}}],\"inLanguage\":\"en-US\"},{\"@type\":\"Organization\",\"@id\":\"https:\/\/viserto.de\/en\/#organization\",\"name\":\"VISERTO\",\"url\":\"https:\/\/viserto.de\/en\/\",\"logo\":{\"@type\":\"ImageObject\",\"inLanguage\":\"en-US\",\"@id\":\"https:\/\/viserto.de\/en\/#\/schema\/logo\/image\/\",\"url\":\"https:\/\/viserto.de\/wp-content\/uploads\/viserto_logo_286x156px.png\",\"contentUrl\":\"https:\/\/viserto.de\/wp-content\/uploads\/viserto_logo_286x156px.png\",\"width\":286,\"height\":156,\"caption\":\"VISERTO\"},\"image\":{\"@id\":\"https:\/\/viserto.de\/en\/#\/schema\/logo\/image\/\"},\"sameAs\":[\"https:\/\/www.facebook.com\/viserto.de\/\",\"https:\/\/www.linkedin.com\/company\/viserto\/\"]}]}<\/script>\n<!-- \/ Yoast SEO plugin. -->","yoast_head_json":{"title":"Legal notice | VISERTO \u2013 Das Video Service Tool","robots":{"index":"noindex","follow":"nofollow"},"og_locale":"en_US","og_type":"article","og_title":"Legal notice | VISERTO \u2013 Das Video Service Tool","og_url":"https:\/\/viserto.de\/en\/legal-notice\/","og_site_name":"VISERTO \u2013 Das Video Service Tool","article_publisher":"https:\/\/www.facebook.com\/viserto.de\/","article_modified_time":"2026-03-18T13:24:30+00:00","twitter_card":"summary_large_image","twitter_misc":{"Est. reading time":"2 minutes"},"schema":{"@context":"https:\/\/schema.org","@graph":[{"@type":"WebPage","@id":"https:\/\/viserto.de\/en\/legal-notice\/","url":"https:\/\/viserto.de\/en\/legal-notice\/","name":"Legal notice | VISERTO \u2013 Das Video Service Tool","isPartOf":{"@id":"https:\/\/viserto.de\/en\/#website"},"datePublished":"2020-04-06T10:43:05+00:00","dateModified":"2026-03-18T13:24:30+00:00","breadcrumb":{"@id":"https:\/\/viserto.de\/en\/legal-notice\/#breadcrumb"},"inLanguage":"en-US","potentialAction":[{"@type":"ReadAction","target":["https:\/\/viserto.de\/en\/legal-notice\/"]}]},{"@type":"BreadcrumbList","@id":"https:\/\/viserto.de\/en\/legal-notice\/#breadcrumb","itemListElement":[{"@type":"ListItem","position":1,"name":"Startseite","item":"https:\/\/viserto.de\/en\/"},{"@type":"ListItem","position":2,"name":"Legal notice"}]},{"@type":"WebSite","@id":"https:\/\/viserto.de\/en\/#website","url":"https:\/\/viserto.de\/en\/","name":"VISERTO \u2013 Das Video Service Tool","description":"Durch videounterst\u00fctzte Verkaufs- und Service-Tools Kundenvertrauen ausbauen, Wirtschaftlichkeit erh\u00f6hen und interne Abl\u00e4ufe optimieren.","publisher":{"@id":"https:\/\/viserto.de\/en\/#organization"},"potentialAction":[{"@type":"SearchAction","target":{"@type":"EntryPoint","urlTemplate":"https:\/\/viserto.de\/en\/?s={search_term_string}"},"query-input":{"@type":"PropertyValueSpecification","valueRequired":true,"valueName":"search_term_string"}}],"inLanguage":"en-US"},{"@type":"Organization","@id":"https:\/\/viserto.de\/en\/#organization","name":"VISERTO","url":"https:\/\/viserto.de\/en\/","logo":{"@type":"ImageObject","inLanguage":"en-US","@id":"https:\/\/viserto.de\/en\/#\/schema\/logo\/image\/","url":"https:\/\/viserto.de\/wp-content\/uploads\/viserto_logo_286x156px.png","contentUrl":"https:\/\/viserto.de\/wp-content\/uploads\/viserto_logo_286x156px.png","width":286,"height":156,"caption":"VISERTO"},"image":{"@id":"https:\/\/viserto.de\/en\/#\/schema\/logo\/image\/"},"sameAs":["https:\/\/www.facebook.com\/viserto.de\/","https:\/\/www.linkedin.com\/company\/viserto\/"]}]}},"_links":{"self":[{"href":"https:\/\/viserto.de\/en\/wp-json\/wp\/v2\/pages\/790","targetHints":{"allow":["GET"]}}],"collection":[{"href":"https:\/\/viserto.de\/en\/wp-json\/wp\/v2\/pages"}],"about":[{"href":"https:\/\/viserto.de\/en\/wp-json\/wp\/v2\/types\/page"}],"author":[{"embeddable":true,"href":"https:\/\/viserto.de\/en\/wp-json\/wp\/v2\/users\/1"}],"replies":[{"embeddable":true,"href":"https:\/\/viserto.de\/en\/wp-json\/wp\/v2\/comments?post=790"}],"version-history":[{"count":10,"href":"https:\/\/viserto.de\/en\/wp-json\/wp\/v2\/pages\/790\/revisions"}],"predecessor-version":[{"id":903,"href":"https:\/\/viserto.de\/en\/wp-json\/wp\/v2\/pages\/790\/revisions\/903"}],"wp:attachment":[{"href":"https:\/\/viserto.de\/en\/wp-json\/wp\/v2\/media?parent=790"}],"curies":[{"name":"wp","href":"https:\/\/api.w.org\/{rel}","templated":true}]}}