{"id":795,"date":"2020-04-06T10:53:09","date_gmt":"2020-04-06T10:53:09","guid":{"rendered":"https:\/\/viserto.de\/contact\/"},"modified":"2025-06-06T08:04:30","modified_gmt":"2025-06-06T08:04:30","slug":"contact","status":"publish","type":"page","link":"https:\/\/viserto.de\/en\/contact\/","title":{"rendered":"Contact"},"content":{"rendered":"<div id='av_section_1'  class='avia-section av-37nrg-424e9fccc3f7e2755089538437587912 main_color avia-section-default avia-no-border-styling  avia-builder-el-0  el_before_av_section  avia-builder-el-first  avia-bg-style-scroll container_wrap fullsize'  ><div class='container av-section-cont-open' ><main  role=\"main\" itemprop=\"mainContentOfPage\"  class='template-page content  av-content-full alpha units'><div class='post-entry post-entry-type-page post-entry-795'><div class='entry-content-wrapper clearfix'>\n<div class='flex_column av-2j2vw-d9b9e07e7c9770824a264f9a4594ddc3 av_two_third  avia-builder-el-1  el_before_av_one_third  avia-builder-el-first  first flex_column_div '   ><section  class='av_textblock_section av-l31h6c9m-b11ad19be18b5e99f54e4c22e888ca20'  itemscope=\"itemscope\" itemtype=\"https:\/\/schema.org\/CreativeWork\" ><div class='avia_textblock'  itemprop=\"text\" ><h1>How can we assist you?<\/h1>\n<h3><span style=\"color: #646b6f;\">We look forward to discussing VISERTO with you.<\/span><\/h3>\n\n<style type=\"text\/css\" data-created_by=\"avia_inline_auto\" id=\"style-css-av-12dic-de114deb699d432474ab6c4fac8fbafe\">\n#top .hr.hr-invisible.av-12dic-de114deb699d432474ab6c4fac8fbafe{\nheight:50px;\n}\n<\/style>\n<div  class='hr av-12dic-de114deb699d432474ab6c4fac8fbafe hr-invisible  avia-builder-el-3  avia-builder-el-no-sibling '><span class='hr-inner '><span class=\"hr-inner-style\"><\/span><\/span><\/div>\n<h4>Info Line Mon. &#8211; Fri. 9:00 &#8211; 17:30<\/h4>\n<h2>+49 (0) 6142 33 06 038<br \/>\n<span style=\"color: #3db7e4;\"><a style=\"color: #3db7e4;\" href=\"mailto:info@viserto.de\">Info@Viserto.De<\/a><\/span><\/h2>\n<\/div><\/section><\/div><div class='flex_column av-24bpo-aef1af5672b4c4a7638ae86d67400c8d av_one_third  avia-builder-el-4  el_after_av_two_third  avia-builder-el-last  flex_column_div '   ><\/div>\n\n<\/div><\/div><\/main><!-- close content main element --><\/div><\/div>\n<style type=\"text\/css\" data-created_by=\"avia_inline_auto\" id=\"style-css-av-l31h6sky-442d9b3d42ae310eb1380844a25703c2\">\n.avia-section.av-l31h6sky-442d9b3d42ae310eb1380844a25703c2{\nbackground-color:#384146;\nbackground-image:unset;\n}\n<\/style>\n<div id='av_section_2'  class='avia-section av-l31h6sky-442d9b3d42ae310eb1380844a25703c2 main_color avia-section-default avia-no-border-styling  avia-builder-el-5  el_after_av_section  avia-builder-el-last  avia-bg-style-scroll container_wrap fullsize'  ><div class='container av-section-cont-open' ><div class='template-page content  av-content-full alpha units'><div class='post-entry post-entry-type-page post-entry-795'><div class='entry-content-wrapper clearfix'>\n<div class='flex_column av-1d9bw-9e6e491fa243af52671ff8e10a575afa av_two_third  avia-builder-el-6  el_before_av_one_third  avia-builder-el-first  first flex_column_div '   ><section  class='av_textblock_section av-l31h76wo-0f0827e978e008fbceec4f3360c3eea4'  itemscope=\"itemscope\" itemtype=\"https:\/\/schema.org\/CreativeWork\" ><div class='avia_textblock'  itemprop=\"text\" ><h5>Write to us<\/h5>\n<\/div><\/section><br \/>\n<form action=\"https:\/\/viserto.de\/en\/contact\/\" method=\"post\"  class=\"avia_ajax_form av-form-labels-visible   avia-builder-el-8  el_after_av_textblock  avia-builder-el-last  av-custom-form-color av-light-form \" data-avia-form-id=\"1\" data-avia-redirect='' ><fieldset><p class='  first_form  form_element form_fullwidth' id='element_avia_1_1'><label for=\"avia_1_1\">Name<\/label> <input name=\"avia_1_1\" class=\"text_input \" type=\"text\" id=\"avia_1_1\" value=\"\" \/><\/p><p class='  first_form  form_element form_fullwidth' id='element_avia_2_1'><label for=\"avia_2_1\">Email <abbr class=\"required\" title=\"required\">*<\/abbr><\/label> <input name=\"avia_2_1\" class=\"text_input is_email\" type=\"text\" id=\"avia_2_1\" value=\"\" \/><\/p><p class='  first_form  form_element form_fullwidth' id='element_avia_3_1'><label for=\"avia_3_1\" class=\"textare_label hidden textare_label_avia_3_1\">Message <abbr class=\"required\" title=\"required\">*<\/abbr><\/label><textarea  name=\"avia_3_1\" class=\"text_area is_empty\" cols=\"40\" rows=\"7\" id=\"avia_3_1\" ><\/textarea><\/p><p class=\"hidden\"><input type=\"text\" name=\"avia_4_1\" class=\"hidden \" id=\"avia_4_1\" value=\"\" \/><\/p><p class='   form_element form_fullwidth av-last-visible-form-element' id='element_avia_5_1'><span class='value_verifier_label'>4 + 3 = ?<\/span><input name=\"avia_5_1_verifier\" type=\"hidden\" id=\"avia_5_1_verifier\" value=\"787278864\"\/><label for=\"avia_5_1\">Please prove that you are human by solving the equation <abbr class=\"required\" title=\"required\">*<\/abbr><\/label><input name=\"avia_5_1\" class=\"text_input captcha\" type=\"text\" id=\"avia_5_1\" value=\"\"\/><\/p><p class=' av_form_privacy_check av_contact_privacy_check first_form  form_element form_fullwidth' id='element_avia_6_1'><input  name=\"avia_6_1\" class=\"input_checkbox is_empty\" type=\"checkbox\" id=\"avia_6_1\" value=\"true\"\/><label class=\"input_checkbox_label\" for=\"avia_6_1\">I agree to the terms outlined in the <a href='https:\/\/viserto.de\/datenschutz\/' target='_blank' rel=\"noopener\">privacy policy<\/a>  <abbr class=\"required\" title=\"required\">*<\/abbr><\/label><\/p><p class=\"form_element \"><input type=\"hidden\" value=\"1\" name=\"avia_generated_form1\" \/><input type=\"submit\" value=\"Send\" class=\"button\"  data-sending-label=\"Sending\"\/><\/p><\/fieldset><\/form><div id=\"ajaxresponse_1\" class=\"ajaxresponse ajaxresponse_1 hidden\"><\/div><\/p><\/div><div class='flex_column av-14fw4-52d1638f4535a3f76b05741fa85650f5 av_one_third  avia-builder-el-9  el_after_av_two_third  avia-builder-el-last  flex_column_div '   ><\/div>\n\n","protected":false},"excerpt":{"rendered":"","protected":false},"author":1,"featured_media":0,"parent":0,"menu_order":0,"comment_status":"closed","ping_status":"closed","template":"","meta":{"inline_featured_image":false,"footnotes":""},"class_list":["post-795","page","type-page","status-publish","hentry"],"yoast_head":"<!-- This site is optimized with the Yoast SEO plugin v25.2 - https:\/\/yoast.com\/wordpress\/plugins\/seo\/ -->\n<title>Contact | VISERTO \u2013 Das Video Service Tool<\/title>\n<meta name=\"description\" content=\"How can we assist you? We look forward to discussing VISERTO and the digital transformation in your car dealership with you.\" \/>\n<meta name=\"robots\" content=\"index, follow, max-snippet:-1, max-image-preview:large, max-video-preview:-1\" \/>\n<link rel=\"canonical\" href=\"https:\/\/viserto.de\/en\/contact\/\" \/>\n<meta property=\"og:locale\" content=\"en_US\" \/>\n<meta property=\"og:type\" content=\"article\" \/>\n<meta property=\"og:title\" content=\"Contact | VISERTO \u2013 Das Video Service Tool\" \/>\n<meta property=\"og:description\" content=\"How can we assist you? We look forward to discussing VISERTO and the digital transformation in your car dealership with you.\" \/>\n<meta property=\"og:url\" content=\"https:\/\/viserto.de\/en\/contact\/\" \/>\n<meta property=\"og:site_name\" content=\"VISERTO \u2013 Das Video Service Tool\" \/>\n<meta property=\"article:publisher\" content=\"https:\/\/www.facebook.com\/viserto.de\/\" \/>\n<meta property=\"article:modified_time\" content=\"2025-06-06T08:04:30+00:00\" \/>\n<meta name=\"twitter:card\" content=\"summary_large_image\" \/>\n<meta name=\"twitter:label1\" content=\"Est. reading time\" \/>\n\t<meta name=\"twitter:data1\" content=\"9 minutes\" \/>\n<script type=\"application\/ld+json\" class=\"yoast-schema-graph\">{\"@context\":\"https:\/\/schema.org\",\"@graph\":[{\"@type\":\"WebPage\",\"@id\":\"https:\/\/viserto.de\/en\/contact\/\",\"url\":\"https:\/\/viserto.de\/en\/contact\/\",\"name\":\"Contact | VISERTO \u2013 Das Video Service Tool\",\"isPartOf\":{\"@id\":\"https:\/\/viserto.de\/en\/#website\"},\"datePublished\":\"2020-04-06T10:53:09+00:00\",\"dateModified\":\"2025-06-06T08:04:30+00:00\",\"description\":\"How can we assist you? We look forward to discussing VISERTO and the digital transformation in your car dealership with you.\",\"breadcrumb\":{\"@id\":\"https:\/\/viserto.de\/en\/contact\/#breadcrumb\"},\"inLanguage\":\"en-US\",\"potentialAction\":[{\"@type\":\"ReadAction\",\"target\":[\"https:\/\/viserto.de\/en\/contact\/\"]}]},{\"@type\":\"BreadcrumbList\",\"@id\":\"https:\/\/viserto.de\/en\/contact\/#breadcrumb\",\"itemListElement\":[{\"@type\":\"ListItem\",\"position\":1,\"name\":\"Startseite\",\"item\":\"https:\/\/viserto.de\/en\/\"},{\"@type\":\"ListItem\",\"position\":2,\"name\":\"Contact\"}]},{\"@type\":\"WebSite\",\"@id\":\"https:\/\/viserto.de\/en\/#website\",\"url\":\"https:\/\/viserto.de\/en\/\",\"name\":\"VISERTO \u2013 Das Video Service Tool\",\"description\":\"Durch videounterst\u00fctzte Verkaufs- und Service-Tools Kundenvertrauen ausbauen, Wirtschaftlichkeit erh\u00f6hen und interne Abl\u00e4ufe optimieren.\",\"publisher\":{\"@id\":\"https:\/\/viserto.de\/en\/#organization\"},\"potentialAction\":[{\"@type\":\"SearchAction\",\"target\":{\"@type\":\"EntryPoint\",\"urlTemplate\":\"https:\/\/viserto.de\/en\/?s={search_term_string}\"},\"query-input\":{\"@type\":\"PropertyValueSpecification\",\"valueRequired\":true,\"valueName\":\"search_term_string\"}}],\"inLanguage\":\"en-US\"},{\"@type\":\"Organization\",\"@id\":\"https:\/\/viserto.de\/en\/#organization\",\"name\":\"VISERTO\",\"url\":\"https:\/\/viserto.de\/en\/\",\"logo\":{\"@type\":\"ImageObject\",\"inLanguage\":\"en-US\",\"@id\":\"https:\/\/viserto.de\/en\/#\/schema\/logo\/image\/\",\"url\":\"https:\/\/viserto.de\/wp-content\/uploads\/viserto_logo_286x156px.png\",\"contentUrl\":\"https:\/\/viserto.de\/wp-content\/uploads\/viserto_logo_286x156px.png\",\"width\":286,\"height\":156,\"caption\":\"VISERTO\"},\"image\":{\"@id\":\"https:\/\/viserto.de\/en\/#\/schema\/logo\/image\/\"},\"sameAs\":[\"https:\/\/www.facebook.com\/viserto.de\/\",\"https:\/\/www.linkedin.com\/company\/viserto\/\"]}]}<\/script>\n<!-- \/ Yoast SEO plugin. -->","yoast_head_json":{"title":"Contact | VISERTO \u2013 Das Video Service Tool","description":"How can we assist you? We look forward to discussing VISERTO and the digital transformation in your car dealership with you.","robots":{"index":"index","follow":"follow","max-snippet":"max-snippet:-1","max-image-preview":"max-image-preview:large","max-video-preview":"max-video-preview:-1"},"canonical":"https:\/\/viserto.de\/en\/contact\/","og_locale":"en_US","og_type":"article","og_title":"Contact | VISERTO \u2013 Das Video Service Tool","og_description":"How can we assist you? We look forward to discussing VISERTO and the digital transformation in your car dealership with you.","og_url":"https:\/\/viserto.de\/en\/contact\/","og_site_name":"VISERTO \u2013 Das Video Service Tool","article_publisher":"https:\/\/www.facebook.com\/viserto.de\/","article_modified_time":"2025-06-06T08:04:30+00:00","twitter_card":"summary_large_image","twitter_misc":{"Est. reading time":"9 minutes"},"schema":{"@context":"https:\/\/schema.org","@graph":[{"@type":"WebPage","@id":"https:\/\/viserto.de\/en\/contact\/","url":"https:\/\/viserto.de\/en\/contact\/","name":"Contact | VISERTO \u2013 Das Video Service Tool","isPartOf":{"@id":"https:\/\/viserto.de\/en\/#website"},"datePublished":"2020-04-06T10:53:09+00:00","dateModified":"2025-06-06T08:04:30+00:00","description":"How can we assist you? We look forward to discussing VISERTO and the digital transformation in your car dealership with you.","breadcrumb":{"@id":"https:\/\/viserto.de\/en\/contact\/#breadcrumb"},"inLanguage":"en-US","potentialAction":[{"@type":"ReadAction","target":["https:\/\/viserto.de\/en\/contact\/"]}]},{"@type":"BreadcrumbList","@id":"https:\/\/viserto.de\/en\/contact\/#breadcrumb","itemListElement":[{"@type":"ListItem","position":1,"name":"Startseite","item":"https:\/\/viserto.de\/en\/"},{"@type":"ListItem","position":2,"name":"Contact"}]},{"@type":"WebSite","@id":"https:\/\/viserto.de\/en\/#website","url":"https:\/\/viserto.de\/en\/","name":"VISERTO \u2013 Das Video Service Tool","description":"Durch videounterst\u00fctzte Verkaufs- und Service-Tools Kundenvertrauen ausbauen, Wirtschaftlichkeit erh\u00f6hen und interne Abl\u00e4ufe optimieren.","publisher":{"@id":"https:\/\/viserto.de\/en\/#organization"},"potentialAction":[{"@type":"SearchAction","target":{"@type":"EntryPoint","urlTemplate":"https:\/\/viserto.de\/en\/?s={search_term_string}"},"query-input":{"@type":"PropertyValueSpecification","valueRequired":true,"valueName":"search_term_string"}}],"inLanguage":"en-US"},{"@type":"Organization","@id":"https:\/\/viserto.de\/en\/#organization","name":"VISERTO","url":"https:\/\/viserto.de\/en\/","logo":{"@type":"ImageObject","inLanguage":"en-US","@id":"https:\/\/viserto.de\/en\/#\/schema\/logo\/image\/","url":"https:\/\/viserto.de\/wp-content\/uploads\/viserto_logo_286x156px.png","contentUrl":"https:\/\/viserto.de\/wp-content\/uploads\/viserto_logo_286x156px.png","width":286,"height":156,"caption":"VISERTO"},"image":{"@id":"https:\/\/viserto.de\/en\/#\/schema\/logo\/image\/"},"sameAs":["https:\/\/www.facebook.com\/viserto.de\/","https:\/\/www.linkedin.com\/company\/viserto\/"]}]}},"_links":{"self":[{"href":"https:\/\/viserto.de\/en\/wp-json\/wp\/v2\/pages\/795","targetHints":{"allow":["GET"]}}],"collection":[{"href":"https:\/\/viserto.de\/en\/wp-json\/wp\/v2\/pages"}],"about":[{"href":"https:\/\/viserto.de\/en\/wp-json\/wp\/v2\/types\/page"}],"author":[{"embeddable":true,"href":"https:\/\/viserto.de\/en\/wp-json\/wp\/v2\/users\/1"}],"replies":[{"embeddable":true,"href":"https:\/\/viserto.de\/en\/wp-json\/wp\/v2\/comments?post=795"}],"version-history":[{"count":8,"href":"https:\/\/viserto.de\/en\/wp-json\/wp\/v2\/pages\/795\/revisions"}],"predecessor-version":[{"id":874,"href":"https:\/\/viserto.de\/en\/wp-json\/wp\/v2\/pages\/795\/revisions\/874"}],"wp:attachment":[{"href":"https:\/\/viserto.de\/en\/wp-json\/wp\/v2\/media?parent=795"}],"curies":[{"name":"wp","href":"https:\/\/api.w.org\/{rel}","templated":true}]}}